{"id":17,"date":"2024-09-30T11:22:45","date_gmt":"2024-09-30T11:22:45","guid":{"rendered":"https:\/\/traveldreamcar.fr\/a-propos\/"},"modified":"2025-12-18T12:18:10","modified_gmt":"2025-12-18T12:18:10","slug":"a-propos","status":"publish","type":"page","link":"https:\/\/traveldreamcar.fr\/en\/a-propos\/","title":{"rendered":"About"},"content":{"rendered":"<div class=\"wp-block-group alignfull has-background-background-color has-background has-global-padding is-layout-constrained wp-block-group-is-layout-constrained\" style=\"margin-top:0;margin-bottom:0;padding-top:0;padding-bottom:0\">\n<div class=\"wp-block-cover alignfull\" style=\"padding-top:0;padding-right:var(--wp--preset--spacing--30);padding-bottom:0;padding-left:var(--wp--preset--spacing--30);min-height:50px;aspect-ratio:unset;\"><span aria-hidden=\"true\" class=\"wp-block-cover__background has-black-background-color has-background-dim-60 has-background-dim\"><\/span><img loading=\"lazy\" decoding=\"async\" width=\"1015\" height=\"1280\" class=\"wp-block-cover__image-background wp-image-71\" alt=\"\" src=\"https:\/\/traveldreamcar.fr\/wp-content\/uploads\/2024\/09\/tower-6521842_1280.jpg\" data-object-fit=\"cover\" srcset=\"https:\/\/traveldreamcar.fr\/wp-content\/uploads\/2024\/09\/tower-6521842_1280.jpg 1015w, https:\/\/traveldreamcar.fr\/wp-content\/uploads\/2024\/09\/tower-6521842_1280-238x300.jpg 238w, https:\/\/traveldreamcar.fr\/wp-content\/uploads\/2024\/09\/tower-6521842_1280-812x1024.jpg 812w, https:\/\/traveldreamcar.fr\/wp-content\/uploads\/2024\/09\/tower-6521842_1280-768x969.jpg 768w, https:\/\/traveldreamcar.fr\/wp-content\/uploads\/2024\/09\/tower-6521842_1280-600x757.jpg 600w\" sizes=\"auto, (max-width: 1015px) 100vw, 1015px\" \/><div class=\"wp-block-cover__inner-container is-layout-flow wp-block-cover-is-layout-flow\">\n<div class=\"wp-block-group has-global-padding is-layout-constrained wp-block-group-is-layout-constrained\" style=\"padding-top:var(--wp--preset--spacing--60);padding-bottom:var(--wp--preset--spacing--60)\">\n<h1 class=\"wp-block-heading alignwide has-text-align-left has-text-color has-x-large-font-size\" style=\"color:#fffffffc\">About TRAVEL DREAM CAR<\/h1>\n<\/div>\n<\/div><\/div>\n<\/div>\n\n\n\n<div class=\"wp-block-group alignfull has-tertiary-background-color has-background has-global-padding is-layout-constrained wp-container-core-group-is-layout-7276a2bb wp-block-group-is-layout-constrained\" id=\"a-propos\" style=\"margin-top:0;margin-bottom:0;padding-top:var(--wp--preset--spacing--60);padding-right:var(--wp--preset--spacing--30);padding-bottom:var(--wp--preset--spacing--60);padding-left:var(--wp--preset--spacing--30)\">\n<div class=\"wp-block-columns alignwide are-vertically-aligned-center is-layout-flex wp-container-core-columns-is-layout-47c06fe3 wp-block-columns-is-layout-flex\">\n<div class=\"wp-block-column is-vertically-aligned-center is-layout-flow wp-block-column-is-layout-flow\" style=\"flex-basis:33.3%\">\n<h2 class=\"wp-block-heading has-text-align-left has-large-font-size\">About TRAVEL DREAM CAR<\/h2>\n\n\n\n<p style=\"margin-top:16px\">TRAVEL DREAM CAR : Transport VIP exceptionnel \u00e0 Paris, Hauts-de-France et dans les grandes villes de France. Exp\u00e9rience in\u00e9gal\u00e9e et services de luxe pour satisfaire nos clients. Notre \u00e9quipe professionnelle et notre flotte haut de gamme sont \u00e0 votre disposition.<\/p>\n<\/div>\n\n\n\n<div class=\"wp-block-column is-vertically-aligned-center is-layout-flow wp-container-core-column-is-layout-f5bb311e wp-block-column-is-layout-flow\" style=\"flex-basis:50%\">\n<figure class=\"wp-block-gallery has-nested-images columns-default is-cropped wp-block-gallery-1 is-layout-flex wp-block-gallery-is-layout-flex\">\n<figure class=\"wp-block-image size-large\"><img loading=\"lazy\" decoding=\"async\" width=\"696\" height=\"1024\" data-id=\"193\" src=\"https:\/\/traveldreamcar.fr\/wp-content\/uploads\/2024\/09\/niko-nieminen-8E5h-0RW2D4-unsplash-2-696x1024.jpg\" alt=\"\" class=\"wp-image-193\" style=\"aspect-ratio:3\/4;object-fit:cover\" srcset=\"https:\/\/traveldreamcar.fr\/wp-content\/uploads\/2024\/09\/niko-nieminen-8E5h-0RW2D4-unsplash-2-696x1024.jpg 696w, https:\/\/traveldreamcar.fr\/wp-content\/uploads\/2024\/09\/niko-nieminen-8E5h-0RW2D4-unsplash-2-204x300.jpg 204w, https:\/\/traveldreamcar.fr\/wp-content\/uploads\/2024\/09\/niko-nieminen-8E5h-0RW2D4-unsplash-2-768x1129.jpg 768w, https:\/\/traveldreamcar.fr\/wp-content\/uploads\/2024\/09\/niko-nieminen-8E5h-0RW2D4-unsplash-2-1045x1536.jpg 1045w, https:\/\/traveldreamcar.fr\/wp-content\/uploads\/2024\/09\/niko-nieminen-8E5h-0RW2D4-unsplash-2-1393x2048.jpg 1393w, https:\/\/traveldreamcar.fr\/wp-content\/uploads\/2024\/09\/niko-nieminen-8E5h-0RW2D4-unsplash-2-600x882.jpg 600w, https:\/\/traveldreamcar.fr\/wp-content\/uploads\/2024\/09\/niko-nieminen-8E5h-0RW2D4-unsplash-2-scaled.jpg 1741w\" sizes=\"auto, (max-width: 696px) 100vw, 696px\" \/><\/figure>\n\n\n\n<figure class=\"wp-block-image size-large\"><img loading=\"lazy\" decoding=\"async\" width=\"683\" height=\"1024\" data-id=\"194\" src=\"https:\/\/traveldreamcar.fr\/wp-content\/uploads\/2024\/09\/matthew-ansley-I84baRRSGP8-unsplash-1-683x1024.jpg\" alt=\"\" class=\"wp-image-194\" style=\"aspect-ratio:3\/4;object-fit:cover\" srcset=\"https:\/\/traveldreamcar.fr\/wp-content\/uploads\/2024\/09\/matthew-ansley-I84baRRSGP8-unsplash-1-683x1024.jpg 683w, https:\/\/traveldreamcar.fr\/wp-content\/uploads\/2024\/09\/matthew-ansley-I84baRRSGP8-unsplash-1-200x300.jpg 200w, https:\/\/traveldreamcar.fr\/wp-content\/uploads\/2024\/09\/matthew-ansley-I84baRRSGP8-unsplash-1-768x1152.jpg 768w, https:\/\/traveldreamcar.fr\/wp-content\/uploads\/2024\/09\/matthew-ansley-I84baRRSGP8-unsplash-1-1024x1536.jpg 1024w, https:\/\/traveldreamcar.fr\/wp-content\/uploads\/2024\/09\/matthew-ansley-I84baRRSGP8-unsplash-1-1365x2048.jpg 1365w, https:\/\/traveldreamcar.fr\/wp-content\/uploads\/2024\/09\/matthew-ansley-I84baRRSGP8-unsplash-1-600x900.jpg 600w, https:\/\/traveldreamcar.fr\/wp-content\/uploads\/2024\/09\/matthew-ansley-I84baRRSGP8-unsplash-1-scaled.jpg 1707w\" sizes=\"auto, (max-width: 683px) 100vw, 683px\" \/><\/figure>\n<\/figure>\n<\/div>\n<\/div>\n<\/div>\n\n\n\n<div class=\"wp-block-group alignfull has-tertiary-background-color has-background has-global-padding is-layout-constrained wp-container-core-group-is-layout-7276a2bb wp-block-group-is-layout-constrained\" id=\"temoignages\" style=\"margin-top:0;margin-bottom:0;padding-top:var(--wp--preset--spacing--60);padding-right:var(--wp--preset--spacing--30);padding-bottom:var(--wp--preset--spacing--60);padding-left:var(--wp--preset--spacing--30)\">\n<div class=\"wp-block-group alignwide has-global-padding is-content-justification-left is-layout-constrained wp-container-core-group-is-layout-8b4c372c wp-block-group-is-layout-constrained\">\n<h2 class=\"wp-block-heading has-large-font-size\">Customer reviews and testimonials<\/h2>\n\n\n\n<p style=\"margin-top:16px\">Discover our customers\u2019 testimonials about their VIP adventure with TRAVEL DREAM CAR.<\/p>\n<\/div>\n\n\n\n<div class=\"wp-block-columns alignwide is-layout-flex wp-container-core-columns-is-layout-28f84493 wp-block-columns-is-layout-flex\">\n<div class=\"wp-block-column has-background-background-color has-background is-layout-flow wp-block-column-is-layout-flow\">\n<div class=\"wp-block-group has-global-padding is-layout-constrained wp-container-core-group-is-layout-24fca791 wp-block-group-is-layout-constrained\" style=\"padding-top:var(--wp--preset--spacing--30);padding-right:24px;padding-bottom:var(--wp--preset--spacing--30);padding-left:24px\">\n<p>Impeccable and punctual service, a trusted company!<\/p>\n\n\n\n<div class=\"wp-block-group is-nowrap is-layout-flex wp-container-core-group-is-layout-3b4e9d3e wp-block-group-is-layout-flex\">\n<figure class=\"wp-block-image aligncenter is-style-rounded\"><img loading=\"lazy\" decoding=\"async\" width=\"64\" height=\"64\" src=\"https:\/\/traveldreamcar.fr\/wp-content\/uploads\/2024\/09\/1fe8ae8069338e8a2770cc5eea182302d3558800.jpg\" alt=\"\" class=\"wp-image-45\" style=\"aspect-ratio:1;object-fit:cover\"\/><\/figure>\n\n\n\n<div class=\"wp-block-group has-global-padding is-layout-constrained wp-block-group-is-layout-constrained\">\n<h4 class=\"wp-block-heading has-text-align-left has-small-font-size\">Claire Moreau<\/h4>\n\n\n\n<p class=\"has-text-align-left has-small-font-size\" style=\"margin-top:2px\">Manager<\/p>\n<\/div>\n<\/div>\n<\/div>\n<\/div>\n\n\n\n<div class=\"wp-block-column has-background-background-color has-background is-layout-flow wp-block-column-is-layout-flow\">\n<div class=\"wp-block-group has-global-padding is-layout-constrained wp-container-core-group-is-layout-24fca791 wp-block-group-is-layout-constrained\" style=\"padding-top:var(--wp--preset--spacing--30);padding-right:24px;padding-bottom:var(--wp--preset--spacing--30);padding-left:24px\">\n<p>An unforgettable transport service, I highly recommend!<\/p>\n\n\n\n<div class=\"wp-block-group is-nowrap is-layout-flex wp-container-core-group-is-layout-3b4e9d3e wp-block-group-is-layout-flex\">\n<figure class=\"wp-block-image aligncenter is-style-rounded\"><img loading=\"lazy\" decoding=\"async\" width=\"64\" height=\"64\" src=\"https:\/\/traveldreamcar.fr\/wp-content\/uploads\/2024\/09\/c4edd2d47ef65ceb6e379731c2947a86594c7e16.jpg\" alt=\"\" class=\"wp-image-46\" style=\"aspect-ratio:1;object-fit:cover\"\/><\/figure>\n\n\n\n<div class=\"wp-block-group has-global-padding is-layout-constrained wp-block-group-is-layout-constrained\">\n<h4 class=\"wp-block-heading has-text-align-left has-small-font-size\">Antoine Petit<\/h4>\n\n\n\n<p class=\"has-text-align-left has-small-font-size\" style=\"margin-top:2px\">Lawyer<\/p>\n<\/div>\n<\/div>\n<\/div>\n<\/div>\n\n\n\n<div class=\"wp-block-column has-background-background-color has-background is-layout-flow wp-block-column-is-layout-flow\">\n<div class=\"wp-block-group has-global-padding is-layout-constrained wp-container-core-group-is-layout-24fca791 wp-block-group-is-layout-constrained\" style=\"padding-top:var(--wp--preset--spacing--30);padding-right:24px;padding-bottom:var(--wp--preset--spacing--30);padding-left:24px\">\n<p>An exceptional VIP service thanks to a professional and courteous team.<\/p>\n\n\n\n<div class=\"wp-block-group is-nowrap is-layout-flex wp-container-core-group-is-layout-3b4e9d3e wp-block-group-is-layout-flex\">\n<figure class=\"wp-block-image aligncenter is-style-rounded\"><img loading=\"lazy\" decoding=\"async\" width=\"64\" height=\"64\" src=\"https:\/\/traveldreamcar.fr\/wp-content\/uploads\/2024\/09\/4a71f64b1f55758349751a95c02ab73be353f75f.jpg\" alt=\"\" class=\"wp-image-47\" style=\"aspect-ratio:1;object-fit:cover\"\/><\/figure>\n\n\n\n<div class=\"wp-block-group has-global-padding is-layout-constrained wp-block-group-is-layout-constrained\">\n<h4 class=\"wp-block-heading has-text-align-left has-small-font-size\">Asha Vankish<\/h4>\n\n\n\n<p class=\"has-text-align-left has-small-font-size\" style=\"margin-top:2px\">Saleswoman<\/p>\n<\/div>\n<\/div>\n<\/div>\n<\/div>\n<\/div>\n<\/div>\n\n\n\n<div class=\"wp-block-group alignfull has-background-background-color has-background has-global-padding is-layout-constrained wp-container-core-group-is-layout-7276a2bb wp-block-group-is-layout-constrained\" style=\"margin-top:0;margin-bottom:0;padding-top:var(--wp--preset--spacing--60);padding-right:var(--wp--preset--spacing--30);padding-bottom:var(--wp--preset--spacing--60);padding-left:var(--wp--preset--spacing--30)\">\n<div class=\"wp-block-group alignwide is-content-justification-space-between is-layout-flex wp-container-core-group-is-layout-9366075c wp-block-group-is-layout-flex\">\n<div class=\"wp-block-group has-global-padding is-layout-constrained wp-block-group-is-layout-constrained\">\n<h2 class=\"wp-block-heading has-large-font-size\">Plan your trip today with TRAVEL DREAM CAR<\/h2>\n\n\n\n<p style=\"margin-top:16px\">Book your transportation with TRAVEL DREAM CAR for an exceptional VIP experience. Our luxurious fleet and our dedicated team guarantee you an exclusive service throughout France. Trust our commitment to your total comfort.<\/p>\n<\/div>\n\n\n\n<div class=\"wp-block-buttons is-horizontal is-content-justification-right is-layout-flex wp-container-core-buttons-is-layout-27c00227 wp-block-buttons-is-layout-flex\">\n<div class=\"wp-block-button is-style-outline is-style-outline--2\"><a class=\"wp-block-button__link wp-element-button\" href=\"\/en\/services\/\">Discover more<\/a><\/div>\n\n\n\n<div class=\"wp-block-button\"><a class=\"wp-block-button__link wp-element-button\" href=\"https:\/\/traveldreamcar.fr\/en\/reservation\/\">Book now<\/a><\/div>\n<\/div>\n<\/div>\n<\/div>","protected":false},"excerpt":{"rendered":"<p>\u00c0 Propos de TRAVEL DREAM CAR TRAVEL DREAM CAR : Transport VIP exceptionnel \u00e0 Paris, Hauts-de-France et dans les grandes villes de France. Exp\u00e9rience in\u00e9gal\u00e9e et services de luxe pour satisfaire nos clients. Notre \u00e9quipe professionnelle et notre flotte haut de gamme sont \u00e0 votre disposition. Avis et t\u00e9moignages de clients D\u00e9couvrez les t\u00e9moignages de [&hellip;]<\/p>\n","protected":false},"author":1,"featured_media":0,"parent":0,"menu_order":0,"comment_status":"closed","ping_status":"closed","template":"no-title","meta":{"footnotes":""},"class_list":["post-17","page","type-page","status-publish","hentry"],"_links":{"self":[{"href":"https:\/\/traveldreamcar.fr\/en\/wp-json\/wp\/v2\/pages\/17","targetHints":{"allow":["GET"]}}],"collection":[{"href":"https:\/\/traveldreamcar.fr\/en\/wp-json\/wp\/v2\/pages"}],"about":[{"href":"https:\/\/traveldreamcar.fr\/en\/wp-json\/wp\/v2\/types\/page"}],"author":[{"embeddable":true,"href":"https:\/\/traveldreamcar.fr\/en\/wp-json\/wp\/v2\/users\/1"}],"replies":[{"embeddable":true,"href":"https:\/\/traveldreamcar.fr\/en\/wp-json\/wp\/v2\/comments?post=17"}],"version-history":[{"count":9,"href":"https:\/\/traveldreamcar.fr\/en\/wp-json\/wp\/v2\/pages\/17\/revisions"}],"predecessor-version":[{"id":424,"href":"https:\/\/traveldreamcar.fr\/en\/wp-json\/wp\/v2\/pages\/17\/revisions\/424"}],"wp:attachment":[{"href":"https:\/\/traveldreamcar.fr\/en\/wp-json\/wp\/v2\/media?parent=17"}],"curies":[{"name":"wp","href":"https:\/\/api.w.org\/{rel}","templated":true}]}}