{"id":21,"date":"2024-09-30T11:22:47","date_gmt":"2024-09-30T11:22:47","guid":{"rendered":"https:\/\/traveldreamcar.fr\/services\/"},"modified":"2025-12-18T12:20:44","modified_gmt":"2025-12-18T12:20:44","slug":"services","status":"publish","type":"page","link":"https:\/\/traveldreamcar.fr\/en\/services\/","title":{"rendered":"Services"},"content":{"rendered":"<div class=\"wp-block-group alignfull has-background-background-color has-background has-global-padding is-layout-constrained wp-block-group-is-layout-constrained\" style=\"margin-top:0;margin-bottom:0;padding-top:0;padding-bottom:0\">\n<div class=\"wp-block-cover alignfull\" style=\"padding-top:0;padding-right:var(--wp--preset--spacing--30);padding-bottom:0;padding-left:var(--wp--preset--spacing--30);min-height:362px;aspect-ratio:unset;\"><span aria-hidden=\"true\" class=\"wp-block-cover__background has-black-background-color has-background-dim-60 has-background-dim\"><\/span><img loading=\"lazy\" decoding=\"async\" width=\"1707\" height=\"2560\" class=\"wp-block-cover__image-background wp-image-115\" alt=\"\" src=\"https:\/\/traveldreamcar.fr\/wp-content\/uploads\/2024\/09\/roland-denes-EWf48MRVUNE-unsplash-3-scaled.jpg\" data-object-fit=\"cover\" srcset=\"https:\/\/traveldreamcar.fr\/wp-content\/uploads\/2024\/09\/roland-denes-EWf48MRVUNE-unsplash-3-scaled.jpg 1707w, https:\/\/traveldreamcar.fr\/wp-content\/uploads\/2024\/09\/roland-denes-EWf48MRVUNE-unsplash-3-200x300.jpg 200w, https:\/\/traveldreamcar.fr\/wp-content\/uploads\/2024\/09\/roland-denes-EWf48MRVUNE-unsplash-3-683x1024.jpg 683w, https:\/\/traveldreamcar.fr\/wp-content\/uploads\/2024\/09\/roland-denes-EWf48MRVUNE-unsplash-3-768x1152.jpg 768w, https:\/\/traveldreamcar.fr\/wp-content\/uploads\/2024\/09\/roland-denes-EWf48MRVUNE-unsplash-3-1024x1536.jpg 1024w, https:\/\/traveldreamcar.fr\/wp-content\/uploads\/2024\/09\/roland-denes-EWf48MRVUNE-unsplash-3-1365x2048.jpg 1365w, https:\/\/traveldreamcar.fr\/wp-content\/uploads\/2024\/09\/roland-denes-EWf48MRVUNE-unsplash-3-600x900.jpg 600w\" sizes=\"auto, (max-width: 1707px) 100vw, 1707px\" \/><div class=\"wp-block-cover__inner-container is-layout-flow wp-block-cover-is-layout-flow\">\n<div class=\"wp-block-group has-global-padding is-layout-constrained wp-block-group-is-layout-constrained\" style=\"padding-top:var(--wp--preset--spacing--60);padding-bottom:var(--wp--preset--spacing--60)\">\n<h1 class=\"wp-block-heading alignwide has-text-align-left has-text-color has-x-large-font-size\" style=\"color:#fffffffc\">Fast and reliable VIP transportation<\/h1>\n<\/div>\n<\/div><\/div>\n<\/div>\n\n\n\n<div class=\"wp-block-group alignfull has-tertiary-background-color has-background has-global-padding is-layout-constrained wp-container-core-group-is-layout-7276a2bb wp-block-group-is-layout-constrained\" id=\"services\" style=\"margin-top:0;margin-bottom:0;padding-top:var(--wp--preset--spacing--60);padding-right:var(--wp--preset--spacing--30);padding-bottom:var(--wp--preset--spacing--60);padding-left:var(--wp--preset--spacing--30)\">\n<div class=\"wp-block-group alignwide has-global-padding is-content-justification-left is-layout-constrained wp-container-core-group-is-layout-8b4c372c wp-block-group-is-layout-constrained\">\n<h2 class=\"wp-block-heading has-large-font-size\">Our Range of VIP Services<\/h2>\n\n\n\n<p style=\"margin-top:16px\">TRAVEL DREAM CAR: fast, efficient and reliable VIP services. A modern fleet and dedicated staff for an unforgettable experience.<\/p>\n<\/div>\n\n\n\n<div class=\"wp-block-columns alignwide is-layout-flex wp-container-core-columns-is-layout-5b525043 wp-block-columns-is-layout-flex\">\n<div class=\"wp-block-column is-layout-flow wp-block-column-is-layout-flow\">\n<figure class=\"wp-block-image aligncenter size-large is-resized ext-aspect-landscape\"><img loading=\"lazy\" decoding=\"async\" width=\"683\" height=\"1024\" src=\"https:\/\/traveldreamcar.fr\/wp-content\/uploads\/2024\/09\/pexels-muhammed-ali-onem-873649317-28593627-1-683x1024.jpg\" alt=\"\" class=\"wp-image-180\" style=\"aspect-ratio:1.3333333333333333;object-fit:cover;width:297px;height:auto\" srcset=\"https:\/\/traveldreamcar.fr\/wp-content\/uploads\/2024\/09\/pexels-muhammed-ali-onem-873649317-28593627-1-683x1024.jpg 683w, https:\/\/traveldreamcar.fr\/wp-content\/uploads\/2024\/09\/pexels-muhammed-ali-onem-873649317-28593627-1-200x300.jpg 200w, https:\/\/traveldreamcar.fr\/wp-content\/uploads\/2024\/09\/pexels-muhammed-ali-onem-873649317-28593627-1-768x1152.jpg 768w, https:\/\/traveldreamcar.fr\/wp-content\/uploads\/2024\/09\/pexels-muhammed-ali-onem-873649317-28593627-1-1024x1536.jpg 1024w, https:\/\/traveldreamcar.fr\/wp-content\/uploads\/2024\/09\/pexels-muhammed-ali-onem-873649317-28593627-1-1365x2048.jpg 1365w, https:\/\/traveldreamcar.fr\/wp-content\/uploads\/2024\/09\/pexels-muhammed-ali-onem-873649317-28593627-1-600x900.jpg 600w, https:\/\/traveldreamcar.fr\/wp-content\/uploads\/2024\/09\/pexels-muhammed-ali-onem-873649317-28593627-1-scaled.jpg 1707w\" sizes=\"auto, (max-width: 683px) 100vw, 683px\" \/><\/figure>\n\n\n\n<h5 class=\"wp-block-heading has-text-align-center\" style=\"margin-top:24px;font-size:clamp(14px, 0.875rem + ((1vw - 3.2px) * 0.625), 20px);line-height:1.5\"><strong>Home Vip Greeter<\/strong><\/h5>\n\n\n\n<p class=\"has-text-align-center has-small-font-size\" style=\"margin-top:8px\">We offer luxury transportation with top-of-the-line service. A dedicated agent will greet you and escort you to your driver.<\/p>\n<\/div>\n\n\n\n<div class=\"wp-block-column is-layout-flow wp-block-column-is-layout-flow\">\n<figure class=\"wp-block-image aligncenter size-large is-resized ext-aspect-landscape\"><img loading=\"lazy\" decoding=\"async\" width=\"2560\" height=\"2560\" src=\"https:\/\/traveldreamcar.fr\/wp-content\/uploads\/2024\/09\/roland-denes-EWf48MRVUNE-unsplash-4-edited-scaled.jpg\" alt=\"\" class=\"wp-image-187\" style=\"aspect-ratio:1.3333333333333333;object-fit:cover;width:297px;height:auto\" srcset=\"https:\/\/traveldreamcar.fr\/wp-content\/uploads\/2024\/09\/roland-denes-EWf48MRVUNE-unsplash-4-edited-scaled.jpg 2560w, https:\/\/traveldreamcar.fr\/wp-content\/uploads\/2024\/09\/roland-denes-EWf48MRVUNE-unsplash-4-edited-300x300.jpg 300w, https:\/\/traveldreamcar.fr\/wp-content\/uploads\/2024\/09\/roland-denes-EWf48MRVUNE-unsplash-4-edited-1024x1024.jpg 1024w, https:\/\/traveldreamcar.fr\/wp-content\/uploads\/2024\/09\/roland-denes-EWf48MRVUNE-unsplash-4-edited-150x150.jpg 150w, https:\/\/traveldreamcar.fr\/wp-content\/uploads\/2024\/09\/roland-denes-EWf48MRVUNE-unsplash-4-edited-768x768.jpg 768w, https:\/\/traveldreamcar.fr\/wp-content\/uploads\/2024\/09\/roland-denes-EWf48MRVUNE-unsplash-4-edited-1536x1536.jpg 1536w, https:\/\/traveldreamcar.fr\/wp-content\/uploads\/2024\/09\/roland-denes-EWf48MRVUNE-unsplash-4-edited-2048x2048.jpg 2048w, https:\/\/traveldreamcar.fr\/wp-content\/uploads\/2024\/09\/roland-denes-EWf48MRVUNE-unsplash-4-edited-600x600.jpg 600w, https:\/\/traveldreamcar.fr\/wp-content\/uploads\/2024\/09\/roland-denes-EWf48MRVUNE-unsplash-4-edited-100x100.jpg 100w\" sizes=\"auto, (max-width: 2560px) 100vw, 2560px\" \/><\/figure>\n\n\n\n<h5 class=\"wp-block-heading has-text-align-center\" style=\"margin-top:24px;font-size:clamp(14px, 0.875rem + ((1vw - 3.2px) * 0.625), 20px);line-height:1.5\"><strong>Provision with driver<\/strong><\/h5>\n\n\n\n<p class=\"has-text-align-center has-small-font-size\" style=\"margin-top:8px\">In addition to the transfer, we also offer you a driver for the desired time.<\/p>\n<\/div>\n\n\n\n<div class=\"wp-block-column is-layout-flow wp-block-column-is-layout-flow\">\n<figure class=\"wp-block-image aligncenter size-large is-resized ext-aspect-landscape\"><img loading=\"lazy\" decoding=\"async\" width=\"683\" height=\"1024\" src=\"https:\/\/traveldreamcar.fr\/wp-content\/uploads\/2024\/09\/bastien-nvs-SprV1eqNrqM-unsplash-1-683x1024.jpg\" alt=\"\" class=\"wp-image-184\" style=\"aspect-ratio:1.3333333333333333;object-fit:cover;width:297px;height:auto\" srcset=\"https:\/\/traveldreamcar.fr\/wp-content\/uploads\/2024\/09\/bastien-nvs-SprV1eqNrqM-unsplash-1-683x1024.jpg 683w, https:\/\/traveldreamcar.fr\/wp-content\/uploads\/2024\/09\/bastien-nvs-SprV1eqNrqM-unsplash-1-200x300.jpg 200w, https:\/\/traveldreamcar.fr\/wp-content\/uploads\/2024\/09\/bastien-nvs-SprV1eqNrqM-unsplash-1-768x1152.jpg 768w, https:\/\/traveldreamcar.fr\/wp-content\/uploads\/2024\/09\/bastien-nvs-SprV1eqNrqM-unsplash-1-1024x1536.jpg 1024w, https:\/\/traveldreamcar.fr\/wp-content\/uploads\/2024\/09\/bastien-nvs-SprV1eqNrqM-unsplash-1-1365x2048.jpg 1365w, https:\/\/traveldreamcar.fr\/wp-content\/uploads\/2024\/09\/bastien-nvs-SprV1eqNrqM-unsplash-1-600x900.jpg 600w, https:\/\/traveldreamcar.fr\/wp-content\/uploads\/2024\/09\/bastien-nvs-SprV1eqNrqM-unsplash-1-scaled.jpg 1707w\" sizes=\"auto, (max-width: 683px) 100vw, 683px\" \/><\/figure>\n\n\n\n<h5 class=\"wp-block-heading has-text-align-center\" style=\"margin-top:24px;font-size:clamp(14px, 0.875rem + ((1vw - 3.2px) * 0.625), 20px);line-height:1.5\"><strong>VIP Transportation<\/strong><\/h5>\n\n\n\n<p class=\"has-text-align-center has-small-font-size\" style=\"margin-top:8px\">Our reliable and efficient VIP transport throughout France. Modern fleet, experienced drivers.<\/p>\n<\/div>\n<\/div>\n<\/div>\n\n\n\n<div class=\"wp-block-group alignfull has-background-background-color has-background has-global-padding is-layout-constrained wp-container-core-group-is-layout-68d5e5bb wp-block-group-is-layout-constrained\" id=\"fonctionnalites\" style=\"margin-top:0;margin-bottom:0;padding-top:var(--wp--preset--spacing--50);padding-right:var(--wp--preset--spacing--30);padding-bottom:var(--wp--preset--spacing--60);padding-left:var(--wp--preset--spacing--30)\">\n<div class=\"wp-block-group alignwide has-global-padding is-content-justification-left is-layout-constrained wp-container-core-group-is-layout-12dd3699 wp-block-group-is-layout-constrained\">\n<h2 class=\"wp-block-heading has-large-font-size\">Why choose TRAVEL DREAM CAR?<\/h2>\n\n\n\n<p style=\"margin-top:16px\">Here's why TRAVEL DREAM CAR is your best choice.<\/p>\n<\/div>\n\n\n\n<div class=\"wp-block-columns alignwide is-layout-flex wp-container-core-columns-is-layout-87beb0d0 wp-block-columns-is-layout-flex\">\n<div class=\"wp-block-column has-tertiary-background-color has-background is-layout-flow wp-block-column-is-layout-flow\" style=\"padding-top:1.5rem;padding-right:1.5rem;padding-bottom:1.5rem;padding-left:1.5rem\">\n<h3 class=\"wp-block-heading\" style=\"font-size:clamp(14px, 0.875rem + ((1vw - 3.2px) * 0.625), 20px);line-height:1.5\">VIP Transportation<\/h3>\n\n\n\n<p class=\"has-small-font-size\" style=\"margin-top:8px\">We are TRAVEL DREAM CAR, experts in VIP transport, guaranteeing comfort and punctuality.<\/p>\n<\/div>\n\n\n\n<div class=\"wp-block-column has-tertiary-background-color has-background is-layout-flow wp-block-column-is-layout-flow\" style=\"padding-top:1.5rem;padding-right:1.5rem;padding-bottom:1.5rem;padding-left:1.5rem\">\n<h3 class=\"wp-block-heading\" style=\"font-size:clamp(14px, 0.875rem + ((1vw - 3.2px) * 0.625), 20px);line-height:1.5\">Dedicated Team<\/h3>\n\n\n\n<p class=\"has-small-font-size\" style=\"margin-top:8px\">Our professional team ensures your comfort and safety on every journey.<\/p>\n<\/div>\n\n\n\n<div class=\"wp-block-column has-tertiary-background-color has-background is-layout-flow wp-block-column-is-layout-flow\" style=\"padding-top:1.5rem;padding-right:1.5rem;padding-bottom:1.5rem;padding-left:1.5rem\">\n<h3 class=\"wp-block-heading\" style=\"font-size:clamp(14px, 0.875rem + ((1vw - 3.2px) * 0.625), 20px);line-height:1.5\">Various Services<\/h3>\n\n\n\n<p class=\"has-small-font-size\" style=\"margin-top:8px\">We offer a full range of VIP services tailored to all your needs.<\/p>\n<\/div>\n\n\n\n<div class=\"wp-block-column has-tertiary-background-color has-background is-layout-flow wp-block-column-is-layout-flow\" style=\"padding-top:1.5rem;padding-right:1.5rem;padding-bottom:1.5rem;padding-left:1.5rem\">\n<h3 class=\"wp-block-heading\" style=\"font-size:clamp(14px, 0.875rem + ((1vw - 3.2px) * 0.625), 20px);line-height:1.5\">Advanced Technology<\/h3>\n\n\n\n<p class=\"has-small-font-size\" style=\"margin-top:8px\">Thanks to our cutting-edge technology, find your driver in a very short time.<\/p>\n<\/div>\n<\/div>\n<\/div>\n\n\n\n<div class=\"wp-block-group alignfull has-tertiary-background-color has-background has-global-padding is-layout-constrained wp-container-core-group-is-layout-7276a2bb wp-block-group-is-layout-constrained\" style=\"margin-top:0;margin-bottom:0;padding-top:var(--wp--preset--spacing--60);padding-right:var(--wp--preset--spacing--30);padding-bottom:var(--wp--preset--spacing--60);padding-left:var(--wp--preset--spacing--30)\">\n<div class=\"wp-block-group has-global-padding is-layout-constrained wp-block-group-is-layout-constrained\">\n<h2 class=\"wp-block-heading has-text-align-center has-large-font-size\">Plan your trip today with TRAVEL DREAM CAR<\/h2>\n\n\n\n<p class=\"has-text-align-center\" style=\"margin-top:16px\">Book your transportation with TRAVEL DREAM CAR for a luxury experience. Our high-end fleet and experienced staff guarantee you VIP service throughout France. Trust our expertise for your total comfort.<\/p>\n\n\n\n<div class=\"wp-block-buttons is-content-justification-center is-layout-flex wp-container-core-buttons-is-layout-720bcce9 wp-block-buttons-is-layout-flex\">\n<div class=\"wp-block-button is-style-outline is-style-outline--1\"><a class=\"wp-block-button__link wp-element-button\" href=\"\/en\/contact\/\">Discover more<\/a><\/div>\n\n\n\n<div class=\"wp-block-button\"><a class=\"wp-block-button__link wp-element-button\" href=\"https:\/\/traveldreamcar.fr\/en\/reservation\/\">Book now<\/a><\/div>\n<\/div>\n<\/div>\n\n\n\n<div style=\"aspect-ratio:16\/9;min-height:unset;\" class=\"wp-block-cover alignwide has-aspect-ratio\"><span aria-hidden=\"true\" class=\"wp-block-cover__background has-background-dim-0 has-background-dim\" style=\"background-color:#7e8178\"><\/span><img loading=\"lazy\" decoding=\"async\" width=\"2560\" height=\"1920\" class=\"wp-block-cover__image-background wp-image-177\" alt=\"\" src=\"https:\/\/traveldreamcar.fr\/wp-content\/uploads\/2024\/09\/srk-pMiEQJiComI-unsplash-scaled.jpg\" data-object-fit=\"cover\" srcset=\"https:\/\/traveldreamcar.fr\/wp-content\/uploads\/2024\/09\/srk-pMiEQJiComI-unsplash-scaled.jpg 2560w, https:\/\/traveldreamcar.fr\/wp-content\/uploads\/2024\/09\/srk-pMiEQJiComI-unsplash-300x225.jpg 300w, https:\/\/traveldreamcar.fr\/wp-content\/uploads\/2024\/09\/srk-pMiEQJiComI-unsplash-1024x768.jpg 1024w, https:\/\/traveldreamcar.fr\/wp-content\/uploads\/2024\/09\/srk-pMiEQJiComI-unsplash-768x576.jpg 768w, https:\/\/traveldreamcar.fr\/wp-content\/uploads\/2024\/09\/srk-pMiEQJiComI-unsplash-1536x1152.jpg 1536w, https:\/\/traveldreamcar.fr\/wp-content\/uploads\/2024\/09\/srk-pMiEQJiComI-unsplash-2048x1536.jpg 2048w, https:\/\/traveldreamcar.fr\/wp-content\/uploads\/2024\/09\/srk-pMiEQJiComI-unsplash-600x450.jpg 600w\" sizes=\"auto, (max-width: 2560px) 100vw, 2560px\" \/><div class=\"wp-block-cover__inner-container has-global-padding is-layout-constrained wp-block-cover-is-layout-constrained\">\n<div style=\"height:268px\" aria-hidden=\"true\" class=\"wp-block-spacer\"><\/div>\n<\/div><\/div>\n<\/div>","protected":false},"excerpt":{"rendered":"<p>Notre Gamme de Services VIP TRAVEL DREAM CAR : des services VIP rapides, efficaces et fiables. Une flotte moderne et un personnel d\u00e9vou\u00e9 pour une exp\u00e9rience inoubliable. Accueil Vip Greeter Nous vous proposons un transport de luxe avec un service haute de gamme. Agent d\u00e9vou\u00e9 \u00e0 vous accueillir et \u00e0 vous accompagn\u00e9 jusqu&rsquo;\u00e0 votre chauffeur. [&hellip;]<\/p>\n","protected":false},"author":1,"featured_media":0,"parent":0,"menu_order":0,"comment_status":"closed","ping_status":"closed","template":"no-title","meta":{"footnotes":""},"class_list":["post-21","page","type-page","status-publish","hentry"],"_links":{"self":[{"href":"https:\/\/traveldreamcar.fr\/en\/wp-json\/wp\/v2\/pages\/21","targetHints":{"allow":["GET"]}}],"collection":[{"href":"https:\/\/traveldreamcar.fr\/en\/wp-json\/wp\/v2\/pages"}],"about":[{"href":"https:\/\/traveldreamcar.fr\/en\/wp-json\/wp\/v2\/types\/page"}],"author":[{"embeddable":true,"href":"https:\/\/traveldreamcar.fr\/en\/wp-json\/wp\/v2\/users\/1"}],"replies":[{"embeddable":true,"href":"https:\/\/traveldreamcar.fr\/en\/wp-json\/wp\/v2\/comments?post=21"}],"version-history":[{"count":18,"href":"https:\/\/traveldreamcar.fr\/en\/wp-json\/wp\/v2\/pages\/21\/revisions"}],"predecessor-version":[{"id":426,"href":"https:\/\/traveldreamcar.fr\/en\/wp-json\/wp\/v2\/pages\/21\/revisions\/426"}],"wp:attachment":[{"href":"https:\/\/traveldreamcar.fr\/en\/wp-json\/wp\/v2\/media?parent=21"}],"curies":[{"name":"wp","href":"https:\/\/api.w.org\/{rel}","templated":true}]}}